{"id":37,"date":"2025-02-07T11:48:52","date_gmt":"2025-02-07T10:48:52","guid":{"rendered":"https:\/\/www.mallar.digitalpartner.se\/mall3\/?page_id=37"},"modified":"2025-03-04T09:55:39","modified_gmt":"2025-03-04T08:55:39","slug":"tjanster","status":"publish","type":"page","link":"https:\/\/www.mallar.digitalpartner.se\/mall3\/tjanster\/","title":{"rendered":"Tj\u00e4nster"},"content":{"rendered":"<section class=\"bde-section-37-163 bde-section\">\n  \n  \n\t\n\n\n\n        <div class=\"section-shape-divider-wrapper section-shape-divider-wrapper--1\">\n          <span class=\"section-shape-divider\">\n                      <svg\n                xmlns=\"http:\/\/www.w3.org\/2000\/svg\"\n                viewBox=\"0 0 1440 320\"\n                preserveAspectRatio=\"none\"\n            >\n              <path fill=\"currentColor\" fill-opacity=\"1\" d=\"M0,224L48,240C96,256,192,288,288,256C384,224,480,128,576,80C672,32,768,32,864,69.3C960,107,1056,181,1152,176C1248,171,1344,85,1392,42.7L1440,0L1440,320L1392,320C1344,320,1248,320,1152,320C1056,320,960,320,864,320C768,320,672,320,576,320C480,320,384,320,288,320C192,320,96,320,48,320L0,320Z\"><\/path>\n            <\/svg>\n                    <\/span>\n      <\/div>\n  <div class=\"section-container\"><div class=\"bde-columns-37-164 bde-columns\"><div class=\"bde-column-37-165 bde-column\">\n  \n  \n\t\n\n\n\n<h1 class=\"bde-heading-37-167 bde-heading\">\nTj\u00e4nster\n<\/h1><div class=\"bde-text-37-168 bde-text\">\nLorem ipsum dolor sit amet, consectetur adipiscing elit. Aenean efficitur dolor odio, in accumsan ante rutrum a.\n<\/div><div class=\"bde-div-37-169 bde-div\">\n  \n  \n\t\n\n\n\n<div class=\"bde-button-37-170 bde-button\">\n    \n                                    \n    \n    \n    \n    \n            \n                    \n            \n            \n\n    \n    \n    \n    \n    \n    <a class=\"breakdance-link button-atom button-atom--primary bde-button__button\" href=\"#\" target=\"_self\" data-type=\"url\"  >\n\n    \n        <span class=\"button-atom__text\">Kontakta oss<\/span>\n\n        \n        \n                <\/a>\n\n    \n\n\n<\/div>\n<\/div>\n<\/div><div class=\"bde-column-37-172 bde-column\">\n  \n  \n\t\n\n\n\n\n<\/div><\/div><\/div>\n<\/section><section class=\"bde-section-37-181 bde-section\">\n  \n  \n\t\n\n\n\n<div class=\"section-container\"><h2 class=\"bde-heading-37-182 bde-heading\">\nVi erbjuder\n<\/h2><div class=\"bde-text-37-183 bde-text\">\nLorem ipsum dolor sit amet, consectetur adipiscing elit. Aenean efficitur dolor odio, in accumsan ante rutrum a.\n<\/div><div class=\"bde-tabs-37-184 bde-tabs\">\n\n  \n        \n  \n  \n  <div class=\"bde-tabs__tabslist-container bde-tabs__tabslist-container--scrollable is-vertical js-tabs-container\">\n    <div class=\"bde-tabs__tabslist bde-tabs__tabslist--bar js-tablist\" role=\"tablist\" aria-label=\"Content tabs\" aria-orientation=\"vertical\" data-tabs-id=\"bde-tabs-37-184\">\n      \n              <button role=\"tab\" aria-selected=\"false\" class=\"bde-tabs__tab js-tab\" aria-controls=\"tab-panel-bde-tabs-37-184-1\" id=\"tab-bde-tabs-37-184-1\" data-value=\"1\">\n                      <span class=\"bde-tabs__tab-icon\"><svg xmlns=\"http:\/\/www.w3.org\/2000\/svg\" width=\"24\" height=\"24\" viewBox=\"0 0 24 24\" fill=\"none\">\n<g clip-path=\"url(#clip0_640_4)\">\n<path fill-rule=\"evenodd\" clip-rule=\"evenodd\" d=\"M14.872 17.711C14.582 18.251 13.87 18.629 13.143 18.629C12.696 18.629 12.294 18.482 11.993 18.213C11.692 18.482 11.289 18.629 10.844 18.629C10.115 18.629 9.404 18.251 9.114 17.711C8.805 17.135 9.65 16.571 10.054 17.287C10.156 17.468 10.486 17.662 10.815 17.662C11.507 17.662 11.446 16.924 11.446 16.362C11.023 16.151 10.729 15.732 10.729 15.356C10.729 14.829 11.299 14.594 12 14.594C12.701 14.594 13.271 14.829 13.271 15.356C13.271 15.736 12.972 16.161 12.541 16.37C12.541 16.957 12.485 17.624 13.14 17.624C13.481 17.624 13.869 17.416 14.003 17.231C14.453 16.607 15.188 17.125 14.872 17.711ZM15 11.5C14.541 11.5 14.167 11.874 14.167 12.334C14.167 12.793 14.541 13.167 15 13.167C15.459 13.167 15.833 12.793 15.833 12.334C15.833 11.874 15.459 11.5 15 11.5ZM15 14.167C13.989 14.167 13.167 13.345 13.167 12.334C13.167 11.322 13.989 10.5 15 10.5C16.011 10.5 16.833 11.322 16.833 12.334C16.833 13.345 16.011 14.167 15 14.167V14.167ZM9 11.5C8.54 11.5 8.166 11.874 8.166 12.334C8.166 12.793 8.54 13.167 9 13.167C9.459 13.167 9.833 12.793 9.833 12.334C9.833 11.874 9.459 11.5 9 11.5ZM9 14.167C7.989 14.167 7.166 13.345 7.166 12.334C7.166 11.322 7.989 10.5 9 10.5C10.011 10.5 10.833 11.322 10.833 12.334C10.833 13.345 10.011 14.167 9 14.167ZM21.113 18.153C20.333 10.543 18.651 6.864 16.545 4.284C15.335 5.339 14.501 6.053 13.224 7.951C12.484 7.83 11.455 7.832 10.738 7.957C9.2 6.119 8.164 5.281 6.925 4.303C4.888 6.787 3.422 10.44 2.808 18.026C1.668 16.294 1 14.225 1 12C1 5.935 5.934 1 12 1C18.065 1 23 5.935 23 12C23 14.277 22.304 16.396 21.113 18.153ZM12 23C8.702 23 5.746 21.534 3.728 19.228C4.032 14.707 4.822 8.867 7.085 5.711C8.813 7.132 9.802 8.393 10.361 9.07C11.109 8.88 12.184 8.712 13.677 9.077C14.637 7.625 15.185 6.855 16.417 5.73C18.406 8.447 19.677 12.997 20.217 19.288C18.2 21.559 15.268 23 12 23V23ZM12 0C5.377 0 0 5.377 0 12C0 18.627 5.4 24 12 24C18.559 24 24 18.67 24 12C24 5.377 18.623 0 12 0Z\"><\/path><\/g><\/svg><\/span>\n                    <span class=\"bde-tabs__tab-title\">Tj\u00e4nst 1<\/span>\n        <\/button>\n              <button role=\"tab\" aria-selected=\"false\" class=\"bde-tabs__tab js-tab\" aria-controls=\"tab-panel-bde-tabs-37-184-2\" id=\"tab-bde-tabs-37-184-2\" data-value=\"2\">\n                      <span class=\"bde-tabs__tab-icon\"><svg xmlns=\"http:\/\/www.w3.org\/2000\/svg\" width=\"24\" height=\"24\" viewBox=\"0 0 24 24\" fill=\"none\">\n<path fill-rule=\"evenodd\" clip-rule=\"evenodd\" d=\"M24 23H0V2H24V23ZM4 22V18H1V22H4ZM19 22V3H5V22H19ZM23 22V18H20V22H23ZM17 12.5L8 17.5V7.5L17 12.5ZM20 13V17H23V13H20ZM4 17V13H1V17H4ZM9 15.8L14.941 12.5L9 9.2V15.8V15.8ZM20 8V12H23V8H20ZM4 12V8H1V12H4ZM20 3V7H23V3H20ZM4 7V3H1V7H4Z\"\/>\n<\/svg><\/span>\n                    <span class=\"bde-tabs__tab-title\">Tj\u00e4nst 2<\/span>\n        <\/button>\n              <button role=\"tab\" aria-selected=\"false\" class=\"bde-tabs__tab js-tab\" aria-controls=\"tab-panel-bde-tabs-37-184-3\" id=\"tab-bde-tabs-37-184-3\" data-value=\"3\">\n                      <span class=\"bde-tabs__tab-icon\"><svg xmlns=\"http:\/\/www.w3.org\/2000\/svg\" width=\"24\" height=\"24\" viewBox=\"0 0 24 24\" fill=\"none\">\n<g clip-path=\"url(#clip0_628_4)\">\n<path fill-rule=\"evenodd\" clip-rule=\"evenodd\" d=\"M12 0C18.623 0 24 5.377 24 12C24 18.623 18.623 24 12 24C5.377 24 0 18.623 0 12C0 5.377 5.377 0 12 0ZM12 1C18.071 1 23 5.929 23 12C23 18.071 18.071 23 12 23C5.929 23 1 18.071 1 12C1 5.929 5.929 1 12 1ZM12.053 18C12.519 18 12.897 17.622 12.897 17.155C12.897 16.689 12.519 16.311 12.053 16.311C11.587 16.311 11.208 16.689 11.208 17.155C11.208 17.622 11.587 18 12.053 18ZM12.521 15.178H11.523C11.488 14.016 11.705 13.124 12.462 12.235C12.953 11.665 14.069 10.756 14.407 10.177C15.129 8.948 14.484 7 12.136 7C10.697 7 9.521 7.877 9.208 9.507L8.19 9.405C8.47 7.169 10.148 6 12.112 6C14.076 6 15.727 7.25 15.727 9.22C15.727 11.026 13.901 12.002 13.089 13.088C12.667 13.651 12.534 14.465 12.521 15.178V15.178Z\"\/>\n<\/g>\n<defs>\n<clipPath id=\"clip0_628_4\">\n<rect width=\"24\" height=\"24\" fill=\"white\"\/>\n<\/clipPath>\n<\/defs>\n<\/svg><\/span>\n                    <span class=\"bde-tabs__tab-title\">Tj\u00e4nst 3<\/span>\n        <\/button>\n              <button role=\"tab\" aria-selected=\"false\" class=\"bde-tabs__tab js-tab\" aria-controls=\"tab-panel-bde-tabs-37-184-4\" id=\"tab-bde-tabs-37-184-4\" data-value=\"4\">\n                      <span class=\"bde-tabs__tab-icon\"><svg xmlns=\"http:\/\/www.w3.org\/2000\/svg\" width=\"24\" height=\"24\" viewBox=\"0 0 24 24\" fill-rule=\"evenodd\" clip-rule=\"evenodd\"><path d=\"M24 23h-24v-12h4v-10h11.328l4.672 5.031v4.969h4v12zm-20-11h-3v10h22v-10h-3v5h-16v-5zm10-10h-9v14h14v-9h-5v-5zm2 12h-8v-1h8v1zm0-2h-8v-1h8v1zm0-2h-8v-1h8v1zm-1-7.751v3.751h3.573l-3.573-3.751z\"\/><\/svg><\/span>\n                    <span class=\"bde-tabs__tab-title\">Tj\u00e4nst 4<\/span>\n        <\/button>\n          <\/div>\n  <\/div>\n\n  <div class=\"bde-tabs-content-container\">\n        <div tabindex=\"0\" role=\"tabpanel\" class=\"bde-tabs__panel js-panel\" id=\"tab-panel-bde-tabs-37-184-1\" aria-labelledby=\"tab-bde-tabs-37-184-1\">\n      <div class=\"bde-tabs__panel-content breakdance-rich-text-styles\"><h3>Tj\u00e4nst 1<\/h3><p>Lorem ipsum dolor sit amet, consectetur adipiscing elit. Vestibulum ultrices ac magna ut molestie. In volutpat varius lorem vitae aliquet. Proin at egestas lectus. Sed ac augue eget odio porta dictum. Mauris vitae ultricies ex, in vehicula odio. Vestibulum pellentesque faucibus lorem, sed bibendum eros ullamcorper nec. Aliquam vel erat ornare, bibendum eros sit amet, blandit augue. Mauris sagittis aliquam eros at semper. Integer sagittis eget urna at mollis. Phasellus vel augue ac lacus gravida euismod id sed risus.<\/p><\/div>\n    <\/div>\n        <div tabindex=\"0\" role=\"tabpanel\" class=\"bde-tabs__panel js-panel\" id=\"tab-panel-bde-tabs-37-184-2\" aria-labelledby=\"tab-bde-tabs-37-184-2\">\n      <div class=\"bde-tabs__panel-content breakdance-rich-text-styles\"><h3>Tj\u00e4nst 2<\/h3><p>Lorem ipsum dolor sit amet, consectetur adipiscing elit. Vestibulum ultrices ac magna ut molestie. In volutpat varius lorem vitae aliquet. Proin at egestas lectus. Sed ac augue eget odio porta dictum. Mauris vitae ultricies ex, in vehicula odio. Vestibulum pellentesque faucibus lorem, sed bibendum eros ullamcorper nec. Aliquam vel erat ornare, bibendum eros sit amet, blandit augue. Mauris sagittis aliquam eros at semper. Integer sagittis eget urna at mollis. Phasellus vel augue ac lacus gravida euismod id sed risus.<\/p><\/div>\n    <\/div>\n        <div tabindex=\"0\" role=\"tabpanel\" class=\"bde-tabs__panel js-panel\" id=\"tab-panel-bde-tabs-37-184-3\" aria-labelledby=\"tab-bde-tabs-37-184-3\">\n      <div class=\"bde-tabs__panel-content breakdance-rich-text-styles\"><h3>Tj\u00e4nst 3<\/h3><p>Lorem ipsum dolor sit amet, consectetur adipiscing elit. Vestibulum ultrices ac magna ut molestie. In volutpat varius lorem vitae aliquet. Proin at egestas lectus. Sed ac augue eget odio porta dictum. Mauris vitae ultricies ex, in vehicula odio. Vestibulum pellentesque faucibus lorem, sed bibendum eros ullamcorper nec. Aliquam vel erat ornare, bibendum eros sit amet, blandit augue. Mauris sagittis aliquam eros at semper. Integer sagittis eget urna at mollis. Phasellus vel augue ac lacus gravida euismod id sed risus.<\/p><\/div>\n    <\/div>\n        <div tabindex=\"0\" role=\"tabpanel\" class=\"bde-tabs__panel js-panel\" id=\"tab-panel-bde-tabs-37-184-4\" aria-labelledby=\"tab-bde-tabs-37-184-4\">\n      <div class=\"bde-tabs__panel-content breakdance-rich-text-styles\"><h3>Tj\u00e4nst 4<\/h3><p>Lorem ipsum dolor sit amet, consectetur adipiscing elit. Vestibulum ultrices ac magna ut molestie. In volutpat varius lorem vitae aliquet. Proin at egestas lectus. Sed ac augue eget odio porta dictum. Mauris vitae ultricies ex, in vehicula odio. Vestibulum pellentesque faucibus lorem, sed bibendum eros ullamcorper nec. Aliquam vel erat ornare, bibendum eros sit amet, blandit augue. Mauris sagittis aliquam eros at semper. Integer sagittis eget urna at mollis. Phasellus vel augue ac lacus gravida euismod id sed risus.<\/p><\/div>\n    <\/div>\n      <\/div>\n\n<\/div><\/div>\n<\/section><section class=\"bde-section-37-185 bde-section\">\n  \n  \n\t\n\n\n\n<div class=\"section-container\"><div class=\"bde-columns-37-186 bde-columns\"><div class=\"bde-column-37-187 bde-column\">\n  \n  \n\t\n\n\n\n<div class=\"bde-image-37-188 bde-image\">\n<figure class=\"breakdance-image breakdance-image--\">\n\t<div class=\"breakdance-image-container\">\n\t\t<div class=\"breakdance-image-clip\"><img loading=\"lazy\" decoding=\"async\" class=\"breakdance-image-object\" src=\"data:image\/svg+xml;charset=UTF-8,%3csvg xmlns='http:\/\/www.w3.org\/2000\/svg' width='540' height='540' viewBox='0 0 140 140'%3e%3cpath d='M0 0h140v140H0z' fill='%23e5e7eb'\/%3e%3cpath d='M88 82.46H51.8v-4.52l6.74-6.74a1.13 1.13 0 011.6 0l5.23 5.23 12.76-12.77a1.13 1.13 0 011.6 0L88 71.91z' fill='%23e5e7eb'\/%3e%3cpath d='M89.48 52.32H50.29a4.52 4.52 0 00-4.52 4.52V84a4.53 4.53 0 004.52 4.52h39.19A4.52 4.52 0 0094 84V56.84a4.52 4.52 0 00-4.52-4.52zm-33.16 5.27a5.28 5.28 0 11-5.27 5.28 5.27 5.27 0 015.27-5.28zM88 82.46H51.8v-4.52l6.74-6.74a1.13 1.13 0 011.6 0l5.23 5.23 12.76-12.77a1.13 1.13 0 011.6 0L88 71.91z' fill='%23d1d5db'\/%3e%3c\/svg%3e\" width=\"540\" height=\"540\"><\/div>\n\t<\/div><\/figure>\n\n<\/div>\n<\/div><div class=\"bde-column-37-189 bde-column\">\n  \n  \n\t\n\n\n\n<h2 class=\"bde-heading-37-190 bde-heading\">\nInformation\n<\/h2><div class=\"bde-text-37-191 bde-text\">\nLorem ipsum dolor sit amet, consectetur adipiscing elit. Vestibulum ultrices ac magna ut molestie. In volutpat varius lorem vitae aliquet.\n<\/div><div class=\"bde-text-37-192 bde-text\">\nProin at egestas lectus. Sed ac augue eget odio porta dictum. Mauris vitae ultricies ex, in vehicula odio. Vestibulum pellentesque faucibus lorem, sed bibendum eros ullamcorper nec. Aliquam vel erat ornare, bibendum eros sit amet, blandit augue.\n<\/div><div class=\"bde-button-37-193 bde-button\">\n    \n                                    \n    \n    \n    \n    \n            \n                    \n            \n            \n\n    \n    \n    \n    \n    \n    <a class=\"breakdance-link button-atom button-atom--secondary bde-button__button\" href=\"#\" target=\"_self\" data-type=\"url\"  >\n\n    \n        <span class=\"button-atom__text\">Learn More<\/span>\n\n        \n        \n                <\/a>\n\n    \n\n\n<\/div>\n<\/div><\/div><\/div>\n<\/section><section class=\"bde-section-37-173 bde-section\">\n  \n  \n\t\n\n\n\n        <div class=\"section-shape-divider-wrapper section-shape-divider-wrapper--1\">\n          <span class=\"section-shape-divider\">\n                      <svg\n                xmlns=\"http:\/\/www.w3.org\/2000\/svg\"\n                viewBox=\"0 0 1440 320\"\n                preserveAspectRatio=\"none\"\n            >\n              <path fill=\"currentColor\" fill-opacity=\"1\" d=\"M0,224L48,240C96,256,192,288,288,256C384,224,480,128,576,80C672,32,768,32,864,69.3C960,107,1056,181,1152,176C1248,171,1344,85,1392,42.7L1440,0L1440,320L1392,320C1344,320,1248,320,1152,320C1056,320,960,320,864,320C768,320,672,320,576,320C480,320,384,320,288,320C192,320,96,320,48,320L0,320Z\"><\/path>\n            <\/svg>\n                    <\/span>\n      <\/div>\n  <div class=\"section-container\"><div class=\"bde-columns-37-174 bde-columns\"><div class=\"bde-column-37-179 bde-column\">\n  \n  \n\t\n\n\n\n<div class=\"bde-google-map-37-180 bde-google-map\">\n\r\n<iframe width=\"100%\" height=\"100%\" style=\"border:0\" loading=\"lazy\" title=\"Map\" src=\"https:\/\/maps.google.com\/maps?q=%C3%96rebro&t=m&z=16&output=embed&iwloc=near\" allowfullscreen><\/iframe>\n\n<\/div>\n<\/div><div class=\"bde-column-37-175 bde-column\">\n  \n  \n\t\n\n\n\n<h2 class=\"bde-heading-37-176 bde-heading\">\nKontakta oss\n<\/h2><div class=\"bde-text-37-177 bde-text\">\nLorem ipsum dolor sit amet, consectetur adipiscing elit. Aenean efficitur dolor odio, in accumsan ante rutrum a.\n<\/div><div class=\"bde-form-builder-37-178 bde-form-builder\">\n\n\n<form id=\"contact-form178\" class=\"breakdance-form breakdance-form--vertical\" data-options=\"{&quot;slug&quot;:&quot;custom&quot;,&quot;name&quot;:&quot;Contact Form&quot;,&quot;ajaxUrl&quot;:&quot;https:\\\/\\\/www.mallar.digitalpartner.se\\\/mall3\\\/wp-admin\\\/admin-ajax.php&quot;,&quot;clearOnSuccess&quot;:true,&quot;hideOnSuccess&quot;:false,&quot;successMessage&quot;:&quot;Your message has been received!&quot;,&quot;errorMessage&quot;:&quot;Something went wrong&quot;,&quot;redirect&quot;:false,&quot;redirectUrl&quot;:&quot;&quot;,&quot;customJavaScript&quot;:&quot;&quot;,&quot;recaptcha&quot;:{&quot;key&quot;:&quot;&quot;,&quot;enabled&quot;:false},&quot;honeypot_enabled&quot;:false,&quot;popupsOnSuccess&quot;:[],&quot;popupsOnError&quot;:[]}\" data-steps=\"0\" >\n  \n  \n  \n<div class=\"breakdance-form-field breakdance-form-field--text\" >\n    \n    \n            <label class=\"breakdance-form-field__label\" for=\"namn\">\n            Namn<span class=\"breakdance-form-field__required\">*<\/span>\n        <\/label>\n    \n    <input\n    class=\"breakdance-form-field__input\"\n    id=\"namn\"\n    aria-describedby=\"namn\"\n    type=\"text\"\n    name=\"fields[namn]\"\n    placeholder=\"John Doe\"\n    value=\"\"\n                \n        \n        \n    required\n    \n    \n>\n\n\n    \n    \n<\/div>\n\n\n<div class=\"breakdance-form-field breakdance-form-field--email\" >\n    \n    \n            <label class=\"breakdance-form-field__label\" for=\"email\">\n            Email<span class=\"breakdance-form-field__required\">*<\/span>\n        <\/label>\n    \n    <input\n    class=\"breakdance-form-field__input\"\n    id=\"email\"\n    aria-describedby=\"email\"\n    type=\"email\"\n    name=\"fields[email]\"\n    placeholder=\"johndoe@example.com\"\n    value=\"\"\n                \n        \n        \n    required\n    \n    \n>\n\n\n    \n    \n<\/div>\n\n\n<div class=\"breakdance-form-field breakdance-form-field--textarea\" >\n    \n    \n            <label class=\"breakdance-form-field__label\" for=\"meddelande\">\n            Meddelande<span class=\"breakdance-form-field__required\">*<\/span>\n        <\/label>\n    \n    <textarea\n    class=\"breakdance-form-field__input\"\n    id=\"meddelande\"\n    aria-describedby=\"meddelande\"\n    type=\"textarea\"\n    name=\"fields[meddelande]\"\n        placeholder=\"Ditt meddelande...\"\n    required\n    >\n<\/textarea>\n\n\n    \n    \n<\/div>\n\n\n  \n\n<div class=\"breakdance-form-field breakdance-form-footer\">\n    \n    \n                                    \n    \n    \n    \n    \n            \n            <button type=\"submit\" class=\"button-atom button-atom--primary breakdance-form-button breakdance-form-button__submit\"  >\n    \n        <span class=\"button-atom__text\">Skicka<\/span>\n\n        \n        \n            <\/button>\n    \n    <input type=\"hidden\" name=\"form_id\" value=\"178\">\n    <input type=\"hidden\" name=\"post_id\" value=\"37\">\n<\/div>\n\n  \n<\/form>\n\n\n\n<\/div>\n<\/div><\/div><\/div>\n<\/section>","protected":false},"excerpt":{"rendered":"<p>Tj\u00e4nster Lorem ipsum dolor sit amet, consectetur adipiscing elit. Aenean efficitur dolor odio, in accumsan ante rutrum a. Kontakta oss Vi erbjuder Lorem ipsum dolor sit amet, consectetur adipiscing elit. Aenean efficitur dolor odio, in accumsan ante rutrum a. Tj\u00e4nst 1 Tj\u00e4nst 2 Tj\u00e4nst 3 Tj\u00e4nst 4 Tj\u00e4nst 1Lorem ipsum dolor sit amet, consectetur adipiscing [&hellip;]<\/p>\n","protected":false},"author":1,"featured_media":0,"parent":0,"menu_order":0,"comment_status":"closed","ping_status":"closed","template":"","meta":{"_acf_changed":false,"_breakdance_hide_in_design_set":false,"_breakdance_tags":"","footnotes":""},"class_list":["post-37","page","type-page","status-publish","hentry"],"acf":[],"_links":{"self":[{"href":"https:\/\/www.mallar.digitalpartner.se\/mall3\/wp-json\/wp\/v2\/pages\/37","targetHints":{"allow":["GET"]}}],"collection":[{"href":"https:\/\/www.mallar.digitalpartner.se\/mall3\/wp-json\/wp\/v2\/pages"}],"about":[{"href":"https:\/\/www.mallar.digitalpartner.se\/mall3\/wp-json\/wp\/v2\/types\/page"}],"author":[{"embeddable":true,"href":"https:\/\/www.mallar.digitalpartner.se\/mall3\/wp-json\/wp\/v2\/users\/1"}],"replies":[{"embeddable":true,"href":"https:\/\/www.mallar.digitalpartner.se\/mall3\/wp-json\/wp\/v2\/comments?post=37"}],"version-history":[{"count":11,"href":"https:\/\/www.mallar.digitalpartner.se\/mall3\/wp-json\/wp\/v2\/pages\/37\/revisions"}],"predecessor-version":[{"id":328,"href":"https:\/\/www.mallar.digitalpartner.se\/mall3\/wp-json\/wp\/v2\/pages\/37\/revisions\/328"}],"wp:attachment":[{"href":"https:\/\/www.mallar.digitalpartner.se\/mall3\/wp-json\/wp\/v2\/media?parent=37"}],"curies":[{"name":"wp","href":"https:\/\/api.w.org\/{rel}","templated":true}]}}